{"id":129,"date":"2018-08-03T12:07:25","date_gmt":"2018-08-03T11:07:25","guid":{"rendered":"http:\/\/sandrapoirotte.com\/bonjour\/?page_id=129"},"modified":"2021-11-15T13:34:03","modified_gmt":"2021-11-15T12:34:03","slug":"biographie-contact","status":"publish","type":"page","link":"http:\/\/sandrapoirotte.com\/bonjour\/biographie-contact\/","title":{"rendered":"Biographie-contact"},"content":{"rendered":"<p><img loading=\"lazy\" class=\"aligncenter wp-image-2119 size-medium\" src=\"http:\/\/sandrapoirotte.com\/bonjour\/wp-content\/uploads\/2018\/08\/autoportrait-1-207x300.jpg\" alt=\"\" width=\"207\" height=\"300\" srcset=\"http:\/\/sandrapoirotte.com\/bonjour\/wp-content\/uploads\/2018\/08\/autoportrait-1-207x300.jpg 207w, http:\/\/sandrapoirotte.com\/bonjour\/wp-content\/uploads\/2018\/08\/autoportrait-1-104x150.jpg 104w, http:\/\/sandrapoirotte.com\/bonjour\/wp-content\/uploads\/2018\/08\/autoportrait-1-768x1113.jpg 768w, http:\/\/sandrapoirotte.com\/bonjour\/wp-content\/uploads\/2018\/08\/autoportrait-1-707x1024.jpg 707w, http:\/\/sandrapoirotte.com\/bonjour\/wp-content\/uploads\/2018\/08\/autoportrait-1-345x500.jpg 345w, http:\/\/sandrapoirotte.com\/bonjour\/wp-content\/uploads\/2018\/08\/autoportrait-1-552x800.jpg 552w, http:\/\/sandrapoirotte.com\/bonjour\/wp-content\/uploads\/2018\/08\/autoportrait-1-884x1280.jpg 884w, http:\/\/sandrapoirotte.com\/bonjour\/wp-content\/uploads\/2018\/08\/autoportrait-1.jpg 992w\" sizes=\"(max-width: 207px) 100vw, 207px\" \/><\/p>\n<p class=\"western\" style=\"padding-left: 30px; text-align: center;\"><span style=\"font-family: Verdana, sans-serif;\"><span style=\"font-size: medium;\">En l\u2019an 2000, je m&rsquo;aper\u00e7ois que ce j&rsquo;aime par-dessus tout, c\u2019est raconter. Avec des mots, avec des images.<\/span><\/span><\/p>\n<p class=\"western\" style=\"padding-left: 30px; text-align: center;\"><span style=\"color: #000000;\"><span style=\"font-family: Verdana, sans-serif;\"><span style=\"font-size: medium;\">Je renonce donc a une grande carri\u00e8re de trampoliniste professionnelle pour faire des livres pour les enfants et leurs parents. Parfois auteure, parfois illustratrice, j&rsquo;<\/span><\/span><\/span><span style=\"font-family: Arial, sans-serif;\"><span style=\"color: #000000;\"><span style=\"font-family: Verdana, sans-serif;\"><span style=\"font-size: medium;\"><span lang=\"fr-FR\">aime raconter les minuscules et les immenses bonheurs, les \u00e9v\u00e9nements du quotidien, les petits et grands moments de la vie, ce qui nous fait vibrer, ce qui nous fait nous sentir vivants\u2026<\/span><\/span><\/span><\/span><\/span><\/p>\n<p class=\"western\" style=\"padding-left: 30px; text-align: center;\"><span style=\"font-family: Verdana, sans-serif;\"><span style=\"font-size: medium;\">A part \u00e7a, j&rsquo;ai install\u00e9 mon atelier dans une piscine et r\u00e9guli\u00e8rement, pour mon plus grand bonheur, je parcours la France et les continents pour rencontrer les petits ou tr\u00e8s grands enfants qui lisent mes livres.<\/span><\/span><\/p>\n<p>&nbsp;<\/p>\n<p>&nbsp;<\/p>\n<div style=\"text-align: center;\"><span style=\"color: #008000;\">Sandra Poirot Cherif<\/span><\/div>\n<div style=\"text-align: center;\"><\/div>\n<div style=\"text-align: center;\"><strong><span style=\"color: #993300;\">06 18 60 69 68<\/span><\/strong><\/div>\n<div><span style=\"color: #ffffff;\">t<\/span><\/div>\n<div style=\"text-align: center;\"><a href=\"mailto:sandra.poirotte@gmail.com\"><span style=\"color: #008000;\">sandra.poirotte@gmail.com<\/span><\/a><\/div>\n<div><\/div>\n<div><span style=\"color: #ffffff;\">r<\/span><\/div>\n<div><span style=\"color: #ffffff;\">r<\/span><\/div>\n<div><\/div>\n<div style=\"text-align: center;\"><span style=\"color: #999999;\">Si vous souhaitez \u00eatre tenu inform\u00e9 de mon actualit\u00e9, par newsletter, deux ou trois fois par an, envoyez-moi un <span style=\"color: #3366ff;\"><a style=\"color: #3366ff;\" href=\"mailto:sandra.poirotte@gmail.com\">message<\/a>.<\/span><\/span><\/div>\n<div><span style=\"color: #ffffff;\">N<\/span><\/div>\n<div style=\"text-align: center;\"><span style=\"color: #999999;\">Vous pouvez \u00e9galement me retrouver sur <a href=\"https:\/\/www.facebook.com\/sandra.poirotcherif\" target=\"_blank\" rel=\"noopener\">Facebook<\/a> ou <a href=\"https:\/\/www.instagram.com\/sandrapoirotte\/\" target=\"_blank\" rel=\"noopener\">Instagram<\/a>.<\/span><\/div>\n<p>&nbsp;<\/p>\n<p class=\"western\">\n","protected":false},"excerpt":{"rendered":"<p>En l\u2019an 2000, je m&rsquo;aper\u00e7ois que ce j&rsquo;aime par-dessus tout, c\u2019est raconter. Avec des mots, avec des images. Je renonce donc a une grande carri\u00e8re de trampoliniste professionnelle pour faire des livres pour les enfants et leurs parents. Parfois auteure, parfois illustratrice, j&rsquo;aime raconter les minuscules et les immenses bonheurs, les \u00e9v\u00e9nements du quotidien, les petits et grands moments de la vie, ce qui nous fait vibrer, ce qui nous fait nous sentir vivants\u2026 A part \u00e7a, j&rsquo;ai install\u00e9 mon atelier dans une piscine et r\u00e9guli\u00e8rement, pour mon plus grand bonheur, je parcours la France et les continents pour rencontrer les petits ou tr\u00e8s grands enfants qui lisent mes livres. &nbsp; &nbsp; Sandra Poirot Cherif 06 18 60 69 68 t sandra.poirotte@gmail.com r r Si vous souhaitez \u00eatre tenu inform\u00e9 de mon actualit\u00e9, par newsletter, deux ou trois fois par an, envoyez-moi un message. N Vous pouvez \u00e9galement me retrouver sur Facebook ou Instagram. &nbsp;<\/p>\n","protected":false},"author":1,"featured_media":0,"parent":0,"menu_order":0,"comment_status":"closed","ping_status":"closed","template":"","meta":{"_vp_format_video_url":"","_vp_image_focal_point":[]},"acf":[],"_links":{"self":[{"href":"http:\/\/sandrapoirotte.com\/bonjour\/wp-json\/wp\/v2\/pages\/129"}],"collection":[{"href":"http:\/\/sandrapoirotte.com\/bonjour\/wp-json\/wp\/v2\/pages"}],"about":[{"href":"http:\/\/sandrapoirotte.com\/bonjour\/wp-json\/wp\/v2\/types\/page"}],"author":[{"embeddable":true,"href":"http:\/\/sandrapoirotte.com\/bonjour\/wp-json\/wp\/v2\/users\/1"}],"replies":[{"embeddable":true,"href":"http:\/\/sandrapoirotte.com\/bonjour\/wp-json\/wp\/v2\/comments?post=129"}],"version-history":[{"count":20,"href":"http:\/\/sandrapoirotte.com\/bonjour\/wp-json\/wp\/v2\/pages\/129\/revisions"}],"predecessor-version":[{"id":3262,"href":"http:\/\/sandrapoirotte.com\/bonjour\/wp-json\/wp\/v2\/pages\/129\/revisions\/3262"}],"wp:attachment":[{"href":"http:\/\/sandrapoirotte.com\/bonjour\/wp-json\/wp\/v2\/media?parent=129"}],"curies":[{"name":"wp","href":"https:\/\/api.w.org\/{rel}","templated":true}]}}